{"id":28,"date":"2020-05-20T14:34:32","date_gmt":"2020-05-20T14:34:32","guid":{"rendered":"https:\/\/stockholm37.qodeinteractive.com\/?page_id=28"},"modified":"2022-09-26T16:51:32","modified_gmt":"2022-09-26T16:51:32","slug":"sobre-mi","status":"publish","type":"page","link":"https:\/\/javierezquerra.com\/?page_id=28","title":{"rendered":"Sobre mi"},"content":{"rendered":"<p>[vc_row row_type=\u00bbrow\u00bb use_row_as_full_screen_section=\u00bbno\u00bb type=\u00bbgrid\u00bb text_align=\u00bbleft\u00bb background_animation=\u00bbnone\u00bb css_animation=\u00bb\u00bb][vc_column width=\u00bb1\/2&#8243;][vc_single_image image=\u00bb349&#8243; img_size=\u00bbfull\u00bb alignment=\u00bbcenter\u00bb qode_css_animation=\u00bb\u00bb][\/vc_column][vc_column width=\u00bb1\/2&#8243;]<div class=\"custom_font_holder\" style=\" font-size: 22px; line-height: 34px; font-weight: 300; color: #000000; text-decoration: none; margin: 20; text-align: left;\"><span>\u00abPiezas abstractas en las que el protagonismo absoluto es el color. Ezquerra con grandes brochazos extiende y superpone capas de pintura dej\u00e1ndose llevar por las asociaciones que el proceso le va sugiriendo. Hay un predominio de barridos horizontales. Las veladuras y las transparencias, las grietas visuales que se abren al extender la pintura permiten percibir el hojaldre crom\u00e1tico&#8230; El espectador sabe que est\u00e1 ante una pintura plana, pero hay peque\u00f1as ventanas que sugieren profundidad. El sabio uso del color, armon\u00eda buscando gamas afines que se interrumpen de repente con una mancha intensa, un rojo, un verde, un amarillo, invitan al contemplador a abismarse en unos territorios indefinidos que puede asociar a espacios celestes o marinos&#8230;.Javier estuvo unos a\u00f1os recibiendo clases del excepcional pintor Esteban de La Foz.\u00bb <strong>Luis Alberto Salcines<\/strong><\/span><\/div>[\/vc_column][\/vc_row][vc_row row_type=\u00bbrow\u00bb use_row_as_full_screen_section=\u00bbno\u00bb type=\u00bbfull_width\u00bb text_align=\u00bbleft\u00bb background_animation=\u00bbnone\u00bb css_animation=\u00bb\u00bb][vc_column][vc_empty_space][\/vc_column][\/vc_row]<\/p>\n","protected":false},"excerpt":{"rendered":"<p>[vc_row row_type=\u00bbrow\u00bb use_row_as_full_screen_section=\u00bbno\u00bb type=\u00bbgrid\u00bb text_align=\u00bbleft\u00bb background_animation=\u00bbnone\u00bb css_animation=\u00bb\u00bb][vc_column width=\u00bb1\/2&#8243;][vc_single_image image=\u00bb349&#8243; img_size=\u00bbfull\u00bb alignment=\u00bbcenter\u00bb qode_css_animation=\u00bb\u00bb][\/vc_column][vc_column width=\u00bb1\/2&#8243;][\/vc_column][\/vc_row][vc_row row_type=\u00bbrow\u00bb use_row_as_full_screen_section=\u00bbno\u00bb type=\u00bbfull_width\u00bb text_align=\u00bbleft\u00bb background_animation=\u00bbnone\u00bb css_animation=\u00bb\u00bb][vc_column][vc_empty_space][\/vc_column][\/vc_row]<\/p>\n","protected":false},"author":1,"featured_media":0,"parent":0,"menu_order":0,"comment_status":"closed","ping_status":"closed","template":"full_width.php","meta":{"footnotes":""},"_links":{"self":[{"href":"https:\/\/javierezquerra.com\/index.php?rest_route=\/wp\/v2\/pages\/28"}],"collection":[{"href":"https:\/\/javierezquerra.com\/index.php?rest_route=\/wp\/v2\/pages"}],"about":[{"href":"https:\/\/javierezquerra.com\/index.php?rest_route=\/wp\/v2\/types\/page"}],"author":[{"embeddable":true,"href":"https:\/\/javierezquerra.com\/index.php?rest_route=\/wp\/v2\/users\/1"}],"replies":[{"embeddable":true,"href":"https:\/\/javierezquerra.com\/index.php?rest_route=%2Fwp%2Fv2%2Fcomments&post=28"}],"version-history":[{"count":15,"href":"https:\/\/javierezquerra.com\/index.php?rest_route=\/wp\/v2\/pages\/28\/revisions"}],"predecessor-version":[{"id":230,"href":"https:\/\/javierezquerra.com\/index.php?rest_route=\/wp\/v2\/pages\/28\/revisions\/230"}],"wp:attachment":[{"href":"https:\/\/javierezquerra.com\/index.php?rest_route=%2Fwp%2Fv2%2Fmedia&parent=28"}],"curies":[{"name":"wp","href":"https:\/\/api.w.org\/{rel}","templated":true}]}}